{"id":152,"date":"2024-06-19T12:14:10","date_gmt":"2024-06-19T12:14:10","guid":{"rendered":"https:\/\/lesgaleriesmunicipales.fr\/?page_id=152"},"modified":"2025-02-03T15:44:35","modified_gmt":"2025-02-03T15:44:35","slug":"les-galeries-municipales-2024-2024-tous-droits-reserves","status":"publish","type":"page","link":"https:\/\/lesgaleriesmunicipales.fr\/nico\/testng\/les-galeries-municipales-2024-2024-tous-droits-reserves\/","title":{"rendered":"\u00a9 Les Galeries Municipales (2023~) 2026 \u2013 Tous droits r\u00e9serv\u00e9s"},"content":{"rendered":"\t\t<div data-elementor-type=\"wp-page\" data-elementor-id=\"152\" class=\"elementor elementor-152\">\n\t\t\t\t<div class=\"elementor-element elementor-element-8786a52 e-flex e-con-boxed elementor-invisible e-con e-parent\" data-id=\"8786a52\" data-element_type=\"container\" data-e-type=\"container\" data-settings=\"{&quot;animation&quot;:&quot;fadeIn&quot;}\">\n\t\t\t\t\t<div class=\"e-con-inner\">\n\t\t\t\t<div class=\"elementor-element elementor-element-a0d3a36 elementor-widget elementor-widget-heading\" data-id=\"a0d3a36\" data-element_type=\"widget\" data-e-type=\"widget\" data-widget_type=\"heading.default\">\n\t\t\t\t<div class=\"elementor-widget-container\">\n\t\t\t\t\t<h2 class=\"elementor-heading-title elementor-size-default\"><h2 data-elementor-setting-key=\"title\" data-pen-placeholder=\"\u00c9crivez ici...\" style=\"font-size: 22px;font-style: normal;font-weight: 400;clear: both;, sans-serif;text-align: center\">\u00a9 Les Galeries Municipales (2023~) 2026 \u2013 Tous droits r\u00e9serv\u00e9s\u200b<\/h2><\/h2>\t\t\t\t<\/div>\n\t\t\t\t<\/div>\n\t\t\t\t\t<\/div>\n\t\t\t\t<\/div>\n\t\t<div class=\"elementor-element elementor-element-67e4cae e-flex e-con-boxed elementor-invisible e-con e-parent\" data-id=\"67e4cae\" data-element_type=\"container\" data-e-type=\"container\" data-settings=\"{&quot;animation&quot;:&quot;fadeIn&quot;}\">\n\t\t\t\t\t<div class=\"e-con-inner\">\n\t\t\t\t<div class=\"elementor-element elementor-element-49e1c2d elementor-invisible elementor-widget elementor-widget-heading\" data-id=\"49e1c2d\" data-element_type=\"widget\" data-e-type=\"widget\" data-settings=\"{&quot;_animation&quot;:&quot;fadeIn&quot;}\" data-widget_type=\"heading.default\">\n\t\t\t\t<div class=\"elementor-widget-container\">\n\t\t\t\t\t<h2 class=\"elementor-heading-title elementor-size-default\"><h2 data-elementor-setting-key=\"title\" data-pen-placeholder=\"\u00c9crivez ici...\" style=\"font-size: 22px;font-style: normal;font-weight: 400;clear: both;, sans-serif;text-align: center\"><span style=\"font-weight: 700\">- Droit de propri\u00e9t\u00e9 intellectuelle -<br><\/span>\nLa structure g\u00e9n\u00e9rale ainsi que les textes, images anim\u00e9es ou fixes, sons, dessins, photographies, graphismes et tout autre \u00e9l\u00e9ment\ncomposant le site sont la propri\u00e9t\u00e9 de la Sarl RVGI Software.<br><br>\nLa repr\u00e9sentation, partielle ou totale de ce site, par quelque soci\u00e9t\u00e9 que ce soit, et\/ou des \u00e9l\u00e9ments y figurant, sans autorisation\nexpresse et pr\u00e9alable de la Sarl RVGI Software, est interdite et constituerait une contrefa\u00e7on sanctionn\u00e9e par les articles L.335-2 et\nsuivants du Code de la Propri\u00e9t\u00e9 Intellectuelle.<br><br>\nLes logos figurant sur le site constituent des marques d\u00e9pos\u00e9es. Toute reproduction totale ou partielle de ces marques et\/ou logos,\neffectu\u00e9e \u00e0 partir des \u00e9l\u00e9ments du site sans l'autorisation expresse de la Sarl RVGI Software, est donc prohib\u00e9e au sens de l'article L.713-2\ndu Code de la Propri\u00e9t\u00e9 Intellectuelle.<br><br>\n<span style=\"font-weight: 700\">- Propri\u00e9t\u00e9 des donn\u00e9es et droit d'utilisation -<\/span><br>\nConform\u00e9ment au Code de la Propri\u00e9t\u00e9 Intellectuelle, l'internaute dispose d'un droit d'usage personnel et non transmissible sur le contenu\ndu site internet, ou l'un de ses \u00e9l\u00e9ments. Tout autre usage est soumis \u00e0 l'autorisation expresse, pr\u00e9alable, de la Sarl RVGI Software. Il en\nest ainsi de toute reproduction, m\u00eame partielle, du contenu \u00e0 des fins commerciales et\/ou publicitaire et\/ou de distribution.<br><br>\nEst notamment interdite la pr\u00e9sentation d'une page du site dans un cadre n'appartenant pas \u00e0 la Sarl RVGI Software (www.lesgaleriesmunicipales.fr).<br><br>\nEst \u00e9galement interdite toute extraction r\u00e9p\u00e9t\u00e9e et syst\u00e9matique des donn\u00e9es puis\u00e9es sur le site, qui sont prot\u00e9g\u00e9es par les dispositions\nde l'article L.341-1 et suivants du Code de la Propri\u00e9t\u00e9 Intellectuelle.<\/h2><\/h2>\t\t\t\t<\/div>\n\t\t\t\t<\/div>\n\t\t\t\t\t<\/div>\n\t\t\t\t<\/div>\n\t\t\t\t<\/div>\n\t\t","protected":false},"excerpt":{"rendered":"<p>\u00a9 Les Galeries Municipales (2023~) \u2013 Tous droits r\u00e9serv\u00e9s\u200b &#8211; Droit de propri\u00e9t\u00e9 intellectuelle &#8211; La structure g\u00e9n\u00e9rale ainsi que [&hellip;]<\/p>\n","protected":false},"author":1,"featured_media":0,"parent":0,"menu_order":0,"comment_status":"closed","ping_status":"closed","template":"","meta":{"site-sidebar-layout":"no-sidebar","site-content-layout":"","ast-site-content-layout":"full-width-container","site-content-style":"default","site-sidebar-style":"default","ast-global-header-display":"","ast-banner-title-visibility":"","ast-main-header-display":"","ast-hfb-above-header-display":"","ast-hfb-below-header-display":"","ast-hfb-mobile-header-display":"","site-post-title":"disabled","ast-breadcrumbs-content":"","ast-featured-img":"disabled","footer-sml-layout":"","theme-transparent-header-meta":"","adv-header-id-meta":"","stick-header-meta":"","header-above-stick-meta":"","header-main-stick-meta":"","header-below-stick-meta":"","astra-migrate-meta-layouts":"default","ast-page-background-enabled":"default","ast-page-background-meta":{"desktop":{"background-color":"var(--ast-global-color-4)","background-image":"","background-repeat":"repeat","background-position":"center center","background-size":"auto","background-attachment":"scroll","background-type":"","background-media":"","overlay-type":"","overlay-color":"","overlay-opacity":"","overlay-gradient":""},"tablet":{"background-color":"","background-image":"","background-repeat":"repeat","background-position":"center center","background-size":"auto","background-attachment":"scroll","background-type":"","background-media":"","overlay-type":"","overlay-color":"","overlay-opacity":"","overlay-gradient":""},"mobile":{"background-color":"","background-image":"","background-repeat":"repeat","background-position":"center center","background-size":"auto","background-attachment":"scroll","background-type":"","background-media":"","overlay-type":"","overlay-color":"","overlay-opacity":"","overlay-gradient":""}},"ast-content-background-meta":{"desktop":{"background-color":"var(--ast-global-color-5)","background-image":"","background-repeat":"repeat","background-position":"center center","background-size":"auto","background-attachment":"scroll","background-type":"","background-media":"","overlay-type":"","overlay-color":"","overlay-opacity":"","overlay-gradient":""},"tablet":{"background-color":"var(--ast-global-color-5)","background-image":"","background-repeat":"repeat","background-position":"center center","background-size":"auto","background-attachment":"scroll","background-type":"","background-media":"","overlay-type":"","overlay-color":"","overlay-opacity":"","overlay-gradient":""},"mobile":{"background-color":"var(--ast-global-color-5)","background-image":"","background-repeat":"repeat","background-position":"center center","background-size":"auto","background-attachment":"scroll","background-type":"","background-media":"","overlay-type":"","overlay-color":"","overlay-opacity":"","overlay-gradient":""}},"footnotes":""},"class_list":["post-152","page","type-page","status-publish","hentry"],"_links":{"self":[{"href":"https:\/\/lesgaleriesmunicipales.fr\/nico\/testng\/wp-json\/wp\/v2\/pages\/152","targetHints":{"allow":["GET"]}}],"collection":[{"href":"https:\/\/lesgaleriesmunicipales.fr\/nico\/testng\/wp-json\/wp\/v2\/pages"}],"about":[{"href":"https:\/\/lesgaleriesmunicipales.fr\/nico\/testng\/wp-json\/wp\/v2\/types\/page"}],"author":[{"embeddable":true,"href":"https:\/\/lesgaleriesmunicipales.fr\/nico\/testng\/wp-json\/wp\/v2\/users\/1"}],"replies":[{"embeddable":true,"href":"https:\/\/lesgaleriesmunicipales.fr\/nico\/testng\/wp-json\/wp\/v2\/comments?post=152"}],"version-history":[{"count":34,"href":"https:\/\/lesgaleriesmunicipales.fr\/nico\/testng\/wp-json\/wp\/v2\/pages\/152\/revisions"}],"predecessor-version":[{"id":622,"href":"https:\/\/lesgaleriesmunicipales.fr\/nico\/testng\/wp-json\/wp\/v2\/pages\/152\/revisions\/622"}],"wp:attachment":[{"href":"https:\/\/lesgaleriesmunicipales.fr\/nico\/testng\/wp-json\/wp\/v2\/media?parent=152"}],"curies":[{"name":"wp","href":"https:\/\/api.w.org\/{rel}","templated":true}]}}