{"id":154,"date":"2024-06-19T12:14:56","date_gmt":"2024-06-19T12:14:56","guid":{"rendered":"https:\/\/lesgaleriesmunicipales.fr\/?page_id=154"},"modified":"2024-06-25T10:04:21","modified_gmt":"2024-06-25T10:04:21","slug":"mentions-legales","status":"publish","type":"page","link":"https:\/\/lesgaleriesmunicipales.fr\/nico\/testng\/mentions-legales\/","title":{"rendered":"Mentions l\u00e9gales"},"content":{"rendered":"\t\t<div data-elementor-type=\"wp-page\" data-elementor-id=\"154\" class=\"elementor elementor-154\">\n\t\t\t\t<div class=\"elementor-element elementor-element-836a89e e-flex e-con-boxed elementor-invisible e-con e-parent\" data-id=\"836a89e\" data-element_type=\"container\" data-e-type=\"container\" data-settings=\"{&quot;animation&quot;:&quot;fadeIn&quot;}\">\n\t\t\t\t\t<div class=\"e-con-inner\">\n\t\t\t\t<div class=\"elementor-element elementor-element-d7f8064 elementor-widget elementor-widget-heading\" data-id=\"d7f8064\" data-element_type=\"widget\" data-e-type=\"widget\" data-widget_type=\"heading.default\">\n\t\t\t\t<div class=\"elementor-widget-container\">\n\t\t\t\t\t<h2 class=\"elementor-heading-title elementor-size-default\"><h2 data-elementor-setting-key=\"title\" data-pen-placeholder=\"\u00c9crivez ici...\" style=\"font-size: 22px;font-style: normal;font-weight: 400;clear: both;, sans-serif;text-align: center\">Mentions l\u00e9gales\u200b<\/h2><\/h2>\t\t\t\t<\/div>\n\t\t\t\t<\/div>\n\t\t\t\t\t<\/div>\n\t\t\t\t<\/div>\n\t\t<div class=\"elementor-element elementor-element-77c8b33 e-grid e-con-full elementor-invisible e-con e-parent\" data-id=\"77c8b33\" data-element_type=\"container\" data-e-type=\"container\" data-settings=\"{&quot;animation&quot;:&quot;fadeIn&quot;}\">\n\t\t\t\t<div class=\"elementor-element elementor-element-0bbfa25 elementor-widget elementor-widget-heading\" data-id=\"0bbfa25\" data-element_type=\"widget\" data-e-type=\"widget\" data-widget_type=\"heading.default\">\n\t\t\t\t<div class=\"elementor-widget-container\">\n\t\t\t\t\t<h2 class=\"elementor-heading-title elementor-size-default\"><h2 class=\"elementor-heading-title elementor-size-default elementor-inline-editing pen\" data-elementor-setting-key=\"title\" data-pen-placeholder=\"\u00c9crivez ici...\" style=\"font-size: 22px;font-style: normal;font-weight: 400;clear: both;, sans-serif;text-align: right\">Raison sociale :<br>Adresse si\u00e8ge social :<br>T\u00e9l\u00e9phone :<br>Email :<br>Forme juridique :<br>Rcs :<br>Ape :<br>Siret :<br>Tva :<br>Nom du directeur de publication :<br>Raison sociale de l'h\u00e9bergeur :<br>Adresse si\u00e8ge social de l'h\u00e9bergeur :<br>T\u00e9l\u00e9phone  de l'h\u00e9bergeur :<\/h2><\/h2>\t\t\t\t<\/div>\n\t\t\t\t<\/div>\n\t\t\t\t<div class=\"elementor-element elementor-element-a50f504 elementor-widget elementor-widget-heading\" data-id=\"a50f504\" data-element_type=\"widget\" data-e-type=\"widget\" data-widget_type=\"heading.default\">\n\t\t\t\t<div class=\"elementor-widget-container\">\n\t\t\t\t\t<h2 class=\"elementor-heading-title elementor-size-default\"><h2 data-elementor-setting-key=\"title\" data-pen-placeholder=\"\u00c9crivez ici...\" style=\"font-size: 22px;font-style: normal;font-weight: 400;clear: both;, sans-serif\">RVGI Software<br>211, rue du ballon - 59110 La Madeleine - France<br>+33.(0)9.51.03.59.60<br>contact@lesgaleriesmunicipales.fr<br>Sarl<br>Lille B 422 195 982<br>6201Z<br>422 195 985 00034<br>FR 79 422 195 982<br>Herv\u00e9 Giethlen - G\u00e9rant Sarl RVGI Software<br>Amen<br>12-14, Rond Point des Champs Elys\u00e9es - 75008 Paris - France<br>+33.(0)8.11.88.77.66<\/h2><\/h2>\t\t\t\t<\/div>\n\t\t\t\t<\/div>\n\t\t\t\t<\/div>\n\t\t\t\t<\/div>\n\t\t","protected":false},"excerpt":{"rendered":"<p>Mentions l\u00e9gales\u200b Raison sociale :Adresse si\u00e8ge social :T\u00e9l\u00e9phone :Email :Forme juridique :Rcs :Ape :Siret :Tva :Nom du directeur de publication [&hellip;]<\/p>\n","protected":false},"author":1,"featured_media":0,"parent":0,"menu_order":0,"comment_status":"closed","ping_status":"closed","template":"","meta":{"site-sidebar-layout":"no-sidebar","site-content-layout":"","ast-site-content-layout":"full-width-container","site-content-style":"default","site-sidebar-style":"default","ast-global-header-display":"","ast-banner-title-visibility":"","ast-main-header-display":"","ast-hfb-above-header-display":"","ast-hfb-below-header-display":"","ast-hfb-mobile-header-display":"","site-post-title":"disabled","ast-breadcrumbs-content":"","ast-featured-img":"disabled","footer-sml-layout":"","theme-transparent-header-meta":"","adv-header-id-meta":"","stick-header-meta":"","header-above-stick-meta":"","header-main-stick-meta":"","header-below-stick-meta":"","astra-migrate-meta-layouts":"default","ast-page-background-enabled":"default","ast-page-background-meta":{"desktop":{"background-color":"var(--ast-global-color-4)","background-image":"","background-repeat":"repeat","background-position":"center center","background-size":"auto","background-attachment":"scroll","background-type":"","background-media":"","overlay-type":"","overlay-color":"","overlay-opacity":"","overlay-gradient":""},"tablet":{"background-color":"","background-image":"","background-repeat":"repeat","background-position":"center center","background-size":"auto","background-attachment":"scroll","background-type":"","background-media":"","overlay-type":"","overlay-color":"","overlay-opacity":"","overlay-gradient":""},"mobile":{"background-color":"","background-image":"","background-repeat":"repeat","background-position":"center center","background-size":"auto","background-attachment":"scroll","background-type":"","background-media":"","overlay-type":"","overlay-color":"","overlay-opacity":"","overlay-gradient":""}},"ast-content-background-meta":{"desktop":{"background-color":"var(--ast-global-color-5)","background-image":"","background-repeat":"repeat","background-position":"center center","background-size":"auto","background-attachment":"scroll","background-type":"","background-media":"","overlay-type":"","overlay-color":"","overlay-opacity":"","overlay-gradient":""},"tablet":{"background-color":"var(--ast-global-color-5)","background-image":"","background-repeat":"repeat","background-position":"center center","background-size":"auto","background-attachment":"scroll","background-type":"","background-media":"","overlay-type":"","overlay-color":"","overlay-opacity":"","overlay-gradient":""},"mobile":{"background-color":"var(--ast-global-color-5)","background-image":"","background-repeat":"repeat","background-position":"center center","background-size":"auto","background-attachment":"scroll","background-type":"","background-media":"","overlay-type":"","overlay-color":"","overlay-opacity":"","overlay-gradient":""}},"footnotes":""},"class_list":["post-154","page","type-page","status-publish","hentry"],"_links":{"self":[{"href":"https:\/\/lesgaleriesmunicipales.fr\/nico\/testng\/wp-json\/wp\/v2\/pages\/154","targetHints":{"allow":["GET"]}}],"collection":[{"href":"https:\/\/lesgaleriesmunicipales.fr\/nico\/testng\/wp-json\/wp\/v2\/pages"}],"about":[{"href":"https:\/\/lesgaleriesmunicipales.fr\/nico\/testng\/wp-json\/wp\/v2\/types\/page"}],"author":[{"embeddable":true,"href":"https:\/\/lesgaleriesmunicipales.fr\/nico\/testng\/wp-json\/wp\/v2\/users\/1"}],"replies":[{"embeddable":true,"href":"https:\/\/lesgaleriesmunicipales.fr\/nico\/testng\/wp-json\/wp\/v2\/comments?post=154"}],"version-history":[{"count":16,"href":"https:\/\/lesgaleriesmunicipales.fr\/nico\/testng\/wp-json\/wp\/v2\/pages\/154\/revisions"}],"predecessor-version":[{"id":259,"href":"https:\/\/lesgaleriesmunicipales.fr\/nico\/testng\/wp-json\/wp\/v2\/pages\/154\/revisions\/259"}],"wp:attachment":[{"href":"https:\/\/lesgaleriesmunicipales.fr\/nico\/testng\/wp-json\/wp\/v2\/media?parent=154"}],"curies":[{"name":"wp","href":"https:\/\/api.w.org\/{rel}","templated":true}]}}