{"id":156,"date":"2024-06-19T12:18:06","date_gmt":"2024-06-19T12:18:06","guid":{"rendered":"https:\/\/lesgaleriesmunicipales.fr\/?page_id=156"},"modified":"2024-06-25T09:49:57","modified_gmt":"2024-06-25T09:49:57","slug":"conditions-generales-dutilisation","status":"publish","type":"page","link":"https:\/\/lesgaleriesmunicipales.fr\/nico\/testng\/conditions-generales-dutilisation\/","title":{"rendered":"Conditions g\u00e9n\u00e9rales d&rsquo;utilisation"},"content":{"rendered":"\t\t<div data-elementor-type=\"wp-page\" data-elementor-id=\"156\" class=\"elementor elementor-156\">\n\t\t\t\t<div class=\"elementor-element elementor-element-ff6ee6b e-flex e-con-boxed elementor-invisible e-con e-parent\" data-id=\"ff6ee6b\" data-element_type=\"container\" data-e-type=\"container\" data-settings=\"{&quot;animation&quot;:&quot;fadeIn&quot;}\">\n\t\t\t\t\t<div class=\"e-con-inner\">\n\t\t\t\t<div class=\"elementor-element elementor-element-bc1dd61 elementor-widget elementor-widget-heading\" data-id=\"bc1dd61\" data-element_type=\"widget\" data-e-type=\"widget\" data-widget_type=\"heading.default\">\n\t\t\t\t<div class=\"elementor-widget-container\">\n\t\t\t\t\t<h2 class=\"elementor-heading-title elementor-size-default\"><h2 data-elementor-setting-key=\"title\" data-pen-placeholder=\"\u00c9crivez ici...\" style=\"font-size: 22px;font-style: normal;font-weight: 400;clear: both;, sans-serif;text-align: center\">Conditions g\u00e9n\u00e9rales d'utilisation\u200b<\/h2><\/h2>\t\t\t\t<\/div>\n\t\t\t\t<\/div>\n\t\t\t\t\t<\/div>\n\t\t\t\t<\/div>\n\t\t<div class=\"elementor-element elementor-element-647efe8 e-flex e-con-boxed elementor-invisible e-con e-parent\" data-id=\"647efe8\" data-element_type=\"container\" data-e-type=\"container\" data-settings=\"{&quot;animation&quot;:&quot;fadeIn&quot;}\">\n\t\t\t\t\t<div class=\"e-con-inner\">\n\t\t\t\t<div class=\"elementor-element elementor-element-eafef2d elementor-invisible elementor-widget elementor-widget-heading\" data-id=\"eafef2d\" data-element_type=\"widget\" data-e-type=\"widget\" data-settings=\"{&quot;_animation&quot;:&quot;fadeIn&quot;}\" data-widget_type=\"heading.default\">\n\t\t\t\t<div class=\"elementor-widget-container\">\n\t\t\t\t\t<h2 class=\"elementor-heading-title elementor-size-default\"><h2 style=\"font-size: 22px;font-style: normal;font-weight: 400;clear: both;, sans-serif;text-align: center\"><span style=\"font-weight: 700\">- Mise en garde technique -<br><\/span>Les visiteurs et\/ou clients de la Sarl RVGI Software reconnaissent disposer de la comp\u00e9tence et des moyens n\u00e9cessaires pour acc\u00e9der au site et utiliser les informations figurant sur le site. A cet effet, les visiteurs et clients reconnaissent avoir v\u00e9rifi\u00e9 que la configuration informatique utilis\u00e9e ne contient aucun virus et qu'elle est en bon \u00e9tat de fonctionnement.<br><br><span style=\"font-weight: 700\">- Liens -<br><\/span>Les liens hypertextes mis en place sur le site de la Sarl RVGI Software, en direction d'autres ressources pr\u00e9sentes sur le r\u00e9seau Internet, ne sauraient engager la responsabilit\u00e9 de la Sarl RVGI Software. Les visiteurs et\/ou clients reconnaissent que les informations figurant sur le site, accessibles par un hyperlien, sont sous la responsabilit\u00e9 exclusive du responsable du site accessible par le lien.<br><br>Les visiteurs et\/ou clients sont inform\u00e9s qu'ils ne peuvent mettre un lien, en direction des sites de la Sarl RVGI Software, sans son autorisation expresse et pr\u00e9alable.<br><br><span style=\"font-weight: 700\">- Cookies -<br><\/span>Un cookie est un fichier texte qui enregistre des informations relatives \u00e0 la navigation de votre navigateur sur un site web. Vous pouvez le lire, le d\u00e9truire ou le modifier. Il ne peut pas contenir de virus, ni \u00ebtre ex\u00e9cut\u00e9, puisqu'il n'est pas actif.<br><br>Le cookie enregistre des informations relatives \u00e0 la navigation de l'ordinateur de l'internaute, telles que les pages consult\u00e9es, la date et l'heure de consultation, etc. Il permet de proposer au visiteur des acc\u00e8s personnalis\u00e9s.<br><br>Vous pouvez vous opposer \u00e0 l'enregistrement de cookies en modifiant la configuration de votre navigateur.<br><br><span style=\"font-weight: 700\">- Lettre d'information par courrier \u00e9lectronique -<br><\/span>A tout moment, vous pouvez vous abonner ou vous d\u00e9sabonner \u00e0 partir de \u00ab MON COMPTE \u00bb. Si vous ne souhaitez recevoir aucune information par courrier \u00e9lectronique, informez-en le webmaster qui bloquera tout envoi de courrier \u00e9lectronique \u00e0 l'adresse indiqu\u00e9e. Pour vous r\u00e9abonner, il faudra utiliser le m\u00eame canal.<br><br><span style=\"font-weight: 700\">- Responsabilit\u00e9 -<\/span><br>La Sarl RVGI Software sera d\u00e9gag\u00e9e de toute responsabilit\u00e9 en cas de dysfonctionnement inh\u00e9rent au r\u00e9seau Internet.<br><br><span style=\"font-weight: 700\">- Caract\u00e8re des informations contenues dans le site -&nbsp;<\/span><br>Les informations pr\u00e9sentes sur le site www.lesgaleriesmunicipales.fr n'ont qu'un caract\u00e8re indicatif. Ni leur contenu ni leur exactitude ne peuvent \u00eatre garantis. Ces informations n'engagent pas contractuellement la Sarl RVGI Software.<br><br>La Sarl RVGI Software d\u00e9cline toute responsabilit\u00e9 sur les d\u00e9cisions qui pourraient \u00eatre prises \u00e0 partir de ces informations.<br><br>Le contenu du site est susceptible de modification sans pr\u00e9avis.<br><br><span style=\"font-weight: 700\">- Dysfonctionnements et virus -<br><\/span>La Sarl RVGI Software ne pourra \u00eatre tenue responsable des dommages directs ou indirects, pertes ou frais, r\u00e9sultant notamment de l'utilisation de ce site web, de l'impossibilit\u00e9 pour un tiers de l'utiliser, ou d'un mauvais fonctionnement, d'une interruption, d'un virus ou d'un probl\u00e8me de ligne ou de syst\u00e8me.<\/h2><\/h2>\t\t\t\t<\/div>\n\t\t\t\t<\/div>\n\t\t\t\t\t<\/div>\n\t\t\t\t<\/div>\n\t\t\t\t<\/div>\n\t\t","protected":false},"excerpt":{"rendered":"<p>Conditions g\u00e9n\u00e9rales d&rsquo;utilisation\u200b &#8211; Mise en garde technique &#8211;Les visiteurs et\/ou clients de la Sarl RVGI Software reconnaissent disposer de [&hellip;]<\/p>\n","protected":false},"author":1,"featured_media":0,"parent":0,"menu_order":0,"comment_status":"closed","ping_status":"closed","template":"","meta":{"site-sidebar-layout":"no-sidebar","site-content-layout":"","ast-site-content-layout":"full-width-container","site-content-style":"default","site-sidebar-style":"default","ast-global-header-display":"","ast-banner-title-visibility":"","ast-main-header-display":"","ast-hfb-above-header-display":"","ast-hfb-below-header-display":"","ast-hfb-mobile-header-display":"","site-post-title":"disabled","ast-breadcrumbs-content":"","ast-featured-img":"disabled","footer-sml-layout":"","theme-transparent-header-meta":"","adv-header-id-meta":"","stick-header-meta":"","header-above-stick-meta":"","header-main-stick-meta":"","header-below-stick-meta":"","astra-migrate-meta-layouts":"default","ast-page-background-enabled":"default","ast-page-background-meta":{"desktop":{"background-color":"var(--ast-global-color-4)","background-image":"","background-repeat":"repeat","background-position":"center center","background-size":"auto","background-attachment":"scroll","background-type":"","background-media":"","overlay-type":"","overlay-color":"","overlay-opacity":"","overlay-gradient":""},"tablet":{"background-color":"","background-image":"","background-repeat":"repeat","background-position":"center center","background-size":"auto","background-attachment":"scroll","background-type":"","background-media":"","overlay-type":"","overlay-color":"","overlay-opacity":"","overlay-gradient":""},"mobile":{"background-color":"","background-image":"","background-repeat":"repeat","background-position":"center center","background-size":"auto","background-attachment":"scroll","background-type":"","background-media":"","overlay-type":"","overlay-color":"","overlay-opacity":"","overlay-gradient":""}},"ast-content-background-meta":{"desktop":{"background-color":"var(--ast-global-color-5)","background-image":"","background-repeat":"repeat","background-position":"center center","background-size":"auto","background-attachment":"scroll","background-type":"","background-media":"","overlay-type":"","overlay-color":"","overlay-opacity":"","overlay-gradient":""},"tablet":{"background-color":"var(--ast-global-color-5)","background-image":"","background-repeat":"repeat","background-position":"center center","background-size":"auto","background-attachment":"scroll","background-type":"","background-media":"","overlay-type":"","overlay-color":"","overlay-opacity":"","overlay-gradient":""},"mobile":{"background-color":"var(--ast-global-color-5)","background-image":"","background-repeat":"repeat","background-position":"center center","background-size":"auto","background-attachment":"scroll","background-type":"","background-media":"","overlay-type":"","overlay-color":"","overlay-opacity":"","overlay-gradient":""}},"footnotes":""},"class_list":["post-156","page","type-page","status-publish","hentry"],"_links":{"self":[{"href":"https:\/\/lesgaleriesmunicipales.fr\/nico\/testng\/wp-json\/wp\/v2\/pages\/156","targetHints":{"allow":["GET"]}}],"collection":[{"href":"https:\/\/lesgaleriesmunicipales.fr\/nico\/testng\/wp-json\/wp\/v2\/pages"}],"about":[{"href":"https:\/\/lesgaleriesmunicipales.fr\/nico\/testng\/wp-json\/wp\/v2\/types\/page"}],"author":[{"embeddable":true,"href":"https:\/\/lesgaleriesmunicipales.fr\/nico\/testng\/wp-json\/wp\/v2\/users\/1"}],"replies":[{"embeddable":true,"href":"https:\/\/lesgaleriesmunicipales.fr\/nico\/testng\/wp-json\/wp\/v2\/comments?post=156"}],"version-history":[{"count":31,"href":"https:\/\/lesgaleriesmunicipales.fr\/nico\/testng\/wp-json\/wp\/v2\/pages\/156\/revisions"}],"predecessor-version":[{"id":256,"href":"https:\/\/lesgaleriesmunicipales.fr\/nico\/testng\/wp-json\/wp\/v2\/pages\/156\/revisions\/256"}],"wp:attachment":[{"href":"https:\/\/lesgaleriesmunicipales.fr\/nico\/testng\/wp-json\/wp\/v2\/media?parent=156"}],"curies":[{"name":"wp","href":"https:\/\/api.w.org\/{rel}","templated":true}]}}