{"id":79,"date":"2024-06-06T10:28:49","date_gmt":"2024-06-06T10:28:49","guid":{"rendered":"https:\/\/lesgaleriesmunicipales.fr\/?page_id=79"},"modified":"2025-01-24T14:29:16","modified_gmt":"2025-01-24T14:29:16","slug":"accueil","status":"publish","type":"page","link":"https:\/\/lesgaleriesmunicipales.fr\/nico\/testng\/","title":{"rendered":"Accueil"},"content":{"rendered":"\t\t<div data-elementor-type=\"wp-page\" data-elementor-id=\"79\" class=\"elementor elementor-79\">\n\t\t\t\t<div class=\"elementor-element elementor-element-20458e6 e-flex e-con-boxed e-con e-parent\" data-id=\"20458e6\" data-element_type=\"container\" data-e-type=\"container\">\n\t\t\t\t\t<div class=\"e-con-inner\">\n\t\t\t\t<div class=\"elementor-element elementor-element-3ffc973 elementor-widget elementor-widget-image\" data-id=\"3ffc973\" data-element_type=\"widget\" data-e-type=\"widget\" data-widget_type=\"image.default\">\n\t\t\t\t<div class=\"elementor-widget-container\">\n\t\t\t\t\t\t\t\t\t\t\t\t\t\t\t<img fetchpriority=\"high\" decoding=\"async\" width=\"1024\" height=\"153\" src=\"https:\/\/lesgaleriesmunicipales.fr\/nico\/testng\/wp-content\/uploads\/2024\/08\/phraseSeule-e1722605605973-1024x153.jpg\" class=\"attachment-large size-large wp-image-470\" alt=\"\" srcset=\"https:\/\/lesgaleriesmunicipales.fr\/nico\/testng\/wp-content\/uploads\/2024\/08\/phraseSeule-e1722605605973-1024x153.jpg 1024w, https:\/\/lesgaleriesmunicipales.fr\/nico\/testng\/wp-content\/uploads\/2024\/08\/phraseSeule-e1722605605973-300x45.jpg 300w, https:\/\/lesgaleriesmunicipales.fr\/nico\/testng\/wp-content\/uploads\/2024\/08\/phraseSeule-e1722605605973-768x115.jpg 768w, https:\/\/lesgaleriesmunicipales.fr\/nico\/testng\/wp-content\/uploads\/2024\/08\/phraseSeule-e1722605605973-1536x230.jpg 1536w, https:\/\/lesgaleriesmunicipales.fr\/nico\/testng\/wp-content\/uploads\/2024\/08\/phraseSeule-e1722605605973-600x90.jpg 600w, https:\/\/lesgaleriesmunicipales.fr\/nico\/testng\/wp-content\/uploads\/2024\/08\/phraseSeule-e1722605605973.jpg 2047w\" sizes=\"(max-width: 1024px) 100vw, 1024px\" \/>\t\t\t\t\t\t\t\t\t\t\t\t\t\t\t<\/div>\n\t\t\t\t<\/div>\n\t\t\t\t\t<\/div>\n\t\t\t\t<\/div>\n\t\t<div class=\"elementor-element elementor-element-5c1bd3f animated-slow e-con-full e-flex elementor-invisible e-con e-parent\" data-id=\"5c1bd3f\" data-element_type=\"container\" data-e-type=\"container\" data-settings=\"{&quot;animation&quot;:&quot;fadeIn&quot;}\">\n\t\t\t\t<div class=\"elementor-element elementor-element-4bb6b0c e-transform elementor-widget__width-inherit elementor-widget elementor-widget-heading\" data-id=\"4bb6b0c\" data-element_type=\"widget\" data-e-type=\"widget\" data-settings=\"{&quot;_transform_scale_effect&quot;:{&quot;unit&quot;:&quot;px&quot;,&quot;size&quot;:0.7,&quot;sizes&quot;:[]},&quot;_transform_scale_effect_tablet&quot;:{&quot;unit&quot;:&quot;px&quot;,&quot;size&quot;:&quot;&quot;,&quot;sizes&quot;:[]},&quot;_transform_scale_effect_mobile&quot;:{&quot;unit&quot;:&quot;px&quot;,&quot;size&quot;:&quot;&quot;,&quot;sizes&quot;:[]}}\" data-widget_type=\"heading.default\">\n\t\t\t\t<div class=\"elementor-widget-container\">\n\t\t\t\t\t<h2 class=\"elementor-heading-title elementor-size-default\"><p><span style=\"font-style: inherit;font-weight: inherit;color: var( --e-global-color-astglobalcolor3 );font-family: var( --e-global-typography-primary-font-family ), Sans-serif;background-color: var(--ast-global-color-5)\">D\u00e9couvrez les meilleurs magasins de votre ville en un seul endroit. Que vous soyez \u00e0 la recherche de v\u00eatements tendance, de gadgets innovants, de d\u00e9lices culinaires, ou d'artisanat local, nous avons tout ce qu'il vous faut. Les Galeries Municipales r\u00e9pertorient les magasins les plus populaires et les plus uniques de votre r\u00e9gion, pour vous offrir une exp\u00e9rience de shopping incomparable.<\/span><\/p>Commencez d\u00e8s maintenant votre aventure shopping en s\u00e9lectionnant votre ville et en d\u00e9couvrant les tr\u00e9sors qu'elle renferme. Bon shopping dans Les Galeries Municipales !<\/h2>\t\t\t\t<\/div>\n\t\t\t\t<\/div>\n\t\t\t\t<\/div>\n\t\t<div class=\"elementor-element elementor-element-47ccc2f animated-slow e-flex e-con-boxed elementor-invisible e-con e-parent\" data-id=\"47ccc2f\" data-element_type=\"container\" data-e-type=\"container\" data-settings=\"{&quot;animation&quot;:&quot;fadeIn&quot;}\">\n\t\t\t\t\t<div class=\"e-con-inner\">\n\t\t\t\t<div class=\"elementor-element elementor-element-30da14a elementor-hidden-desktop elementor-hidden-tablet elementor-hidden-mobile elementor-widget elementor-widget-shortcode\" data-id=\"30da14a\" data-element_type=\"widget\" data-e-type=\"widget\" data-widget_type=\"shortcode.default\">\n\t\t\t\t<div class=\"elementor-widget-container\">\n\t\t\t\t\t\t\t<div class=\"elementor-shortcode\">    <form role=\"search\" method=\"get\" class=\"search-form\" action=\"https:\/\/lesgaleriesmunicipales.fr\/nico\/testng\/\">\n        <label>\n            <span class=\"screen-reader-text\">Rechercher\u00a0:<\/span>\n            <input type=\"search\" class=\"search-field\" placeholder=\"Rechercher\u2026\" value=\"\" name=\"s\" \/>\n        <\/label>\n        <button type=\"submit\" style=\"background-color: black\">Rechercher<\/button>\n    <\/form>\n    <\/div>\n\t\t\t\t\t\t<\/div>\n\t\t\t\t<\/div>\n\t\t\t\t<div class=\"elementor-element elementor-element-c44ceb2 elementor-widget elementor-widget-html\" data-id=\"c44ceb2\" data-element_type=\"widget\" data-e-type=\"widget\" data-widget_type=\"html.default\">\n\t\t\t\t<div class=\"elementor-widget-container\">\n\t\t\t\t\t<form id=\"search-products-form\" method=\"get\" action=\"\">\r\n    <input id=\"search\" type=\"text\" name=\"s\" placeholder=\"Rechercher sur les galeries municipales\">\r\n    <select id=\"distance\" name=\"distance\"  style=\"padding: 10px;\">\r\n        <option value=\"\" disabled selected>Ajouter une localisation<\/option>\r\n        <option value=\"5\">5 km<\/option>\r\n        <option value=\"10\">10 km<\/option>\r\n        <option value=\"20\">20 km<\/option>\r\n        <option value=\"50\">50 km<\/option>\r\n    <\/select>\r\n    <input type=\"hidden\" id=\"user-latitude\" name=\"latitude\" value=\"\">\r\n    <input type=\"hidden\" id=\"user-longitude\" name=\"longitude\" value=\"\">\r\n    \r\n    <!-- Champs cach\u00e9s pour les coordonn\u00e9es -->\r\n    <input type=\"hidden\" id=\"user-latitude\" name=\"latitude\">\r\n    <input type=\"hidden\" id=\"user-longitude\" name=\"longitude\">\r\n    \r\n    <button type=\"submit\">Rechercher<\/button>\r\n<\/form>\r\n\r\n<script>\r\ndocument.addEventListener(\"DOMContentLoaded\", function() {\r\n    if (navigator.geolocation) {\r\n        navigator.geolocation.getCurrentPosition(function(position) {\r\n            document.getElementById(\"user-latitude\").value = position.coords.latitude;\r\n            document.getElementById(\"user-longitude\").value = position.coords.longitude;\r\n        });\r\n    }\r\n});\r\n<\/script>\r\n\t\t\t\t<\/div>\n\t\t\t\t<\/div>\n\t\t\t\t\t<\/div>\n\t\t\t\t<\/div>\n\t\t\t\t<\/div>\n\t\t","protected":false},"excerpt":{"rendered":"<p>D\u00e9couvrez les meilleurs magasins de votre ville en un seul endroit. Que vous soyez \u00e0 la recherche de v\u00eatements tendance, [&hellip;]<\/p>\n","protected":false},"author":1,"featured_media":0,"parent":0,"menu_order":0,"comment_status":"closed","ping_status":"closed","template":"","meta":{"site-sidebar-layout":"no-sidebar","site-content-layout":"","ast-site-content-layout":"full-width-container","site-content-style":"default","site-sidebar-style":"default","ast-global-header-display":"","ast-banner-title-visibility":"","ast-main-header-display":"","ast-hfb-above-header-display":"","ast-hfb-below-header-display":"","ast-hfb-mobile-header-display":"","site-post-title":"disabled","ast-breadcrumbs-content":"","ast-featured-img":"disabled","footer-sml-layout":"","theme-transparent-header-meta":"","adv-header-id-meta":"","stick-header-meta":"","header-above-stick-meta":"","header-main-stick-meta":"","header-below-stick-meta":"","astra-migrate-meta-layouts":"default","ast-page-background-enabled":"default","ast-page-background-meta":{"desktop":{"background-color":"var(--ast-global-color-4)","background-image":"","background-repeat":"repeat","background-position":"center center","background-size":"auto","background-attachment":"scroll","background-type":"","background-media":"","overlay-type":"","overlay-color":"","overlay-opacity":"","overlay-gradient":""},"tablet":{"background-color":"","background-image":"","background-repeat":"repeat","background-position":"center center","background-size":"auto","background-attachment":"scroll","background-type":"","background-media":"","overlay-type":"","overlay-color":"","overlay-opacity":"","overlay-gradient":""},"mobile":{"background-color":"","background-image":"","background-repeat":"repeat","background-position":"center center","background-size":"auto","background-attachment":"scroll","background-type":"","background-media":"","overlay-type":"","overlay-color":"","overlay-opacity":"","overlay-gradient":""}},"ast-content-background-meta":{"desktop":{"background-color":"var(--ast-global-color-5)","background-image":"","background-repeat":"repeat","background-position":"center center","background-size":"auto","background-attachment":"scroll","background-type":"","background-media":"","overlay-type":"","overlay-color":"","overlay-opacity":"","overlay-gradient":""},"tablet":{"background-color":"var(--ast-global-color-5)","background-image":"","background-repeat":"repeat","background-position":"center center","background-size":"auto","background-attachment":"scroll","background-type":"","background-media":"","overlay-type":"","overlay-color":"","overlay-opacity":"","overlay-gradient":""},"mobile":{"background-color":"var(--ast-global-color-5)","background-image":"","background-repeat":"repeat","background-position":"center center","background-size":"auto","background-attachment":"scroll","background-type":"","background-media":"","overlay-type":"","overlay-color":"","overlay-opacity":"","overlay-gradient":""}},"footnotes":""},"class_list":["post-79","page","type-page","status-publish","hentry"],"_links":{"self":[{"href":"https:\/\/lesgaleriesmunicipales.fr\/nico\/testng\/wp-json\/wp\/v2\/pages\/79","targetHints":{"allow":["GET"]}}],"collection":[{"href":"https:\/\/lesgaleriesmunicipales.fr\/nico\/testng\/wp-json\/wp\/v2\/pages"}],"about":[{"href":"https:\/\/lesgaleriesmunicipales.fr\/nico\/testng\/wp-json\/wp\/v2\/types\/page"}],"author":[{"embeddable":true,"href":"https:\/\/lesgaleriesmunicipales.fr\/nico\/testng\/wp-json\/wp\/v2\/users\/1"}],"replies":[{"embeddable":true,"href":"https:\/\/lesgaleriesmunicipales.fr\/nico\/testng\/wp-json\/wp\/v2\/comments?post=79"}],"version-history":[{"count":145,"href":"https:\/\/lesgaleriesmunicipales.fr\/nico\/testng\/wp-json\/wp\/v2\/pages\/79\/revisions"}],"predecessor-version":[{"id":614,"href":"https:\/\/lesgaleriesmunicipales.fr\/nico\/testng\/wp-json\/wp\/v2\/pages\/79\/revisions\/614"}],"wp:attachment":[{"href":"https:\/\/lesgaleriesmunicipales.fr\/nico\/testng\/wp-json\/wp\/v2\/media?parent=79"}],"curies":[{"name":"wp","href":"https:\/\/api.w.org\/{rel}","templated":true}]}}